{"id":124,"date":"2023-03-21T13:37:58","date_gmt":"2023-03-21T13:37:58","guid":{"rendered":"https:\/\/tulpenvliegroute.nl\/?page_id=124"},"modified":"2023-03-21T18:37:21","modified_gmt":"2023-03-21T18:37:21","slug":"bedingungen-und-konditionen","status":"publish","type":"page","link":"https:\/\/tulpenvliegroute.nl\/de\/algemene-voorwaarden\/","title":{"rendered":"Allgemeine Bedingungen und Konditionen"},"content":{"rendered":"<p><strong>Artikel 1 Begriffsbestimmungen und Anwendbarkeit<\/strong><\/p>\n\n\n\n<p>1. In diesen Allgemeinen Gesch\u00e4ftsbedingungen gelten die folgenden Definitionen:<\/p>\n\n\n\n<ul class=\"wp-block-list\">\n<li>Tulpenvliegroute<\/li>\n\n\n\n<li>Kunde: jeder Kunde von Tulpenvliegroute, der entweder Kunde oder Mieter ist.<\/li>\n<\/ul>\n\n\n\n<p>2. Diese Allgemeinen Gesch\u00e4ftsbedingungen sind Bestandteil aller Angebote und Vertr\u00e4ge zwischen Tulpenvliegroute und dem Auftraggeber \u00fcber die Erbringung von Dienstleistungen und\/oder Arbeiten.<br>3. Zus\u00e4tzliche und\/oder abweichende Bedingungen des Auftraggebers oder Dritter sind f\u00fcr Tulpenvliegroute nicht bindend, es sei denn, sie wurden von Tulpenvliegroute ausdr\u00fccklich und schriftlich akzeptiert.<\/p>\n\n\n\n<p><strong>Artikel 2 Angebote<\/strong><\/p>\n\n\n\n<p>1. Alle Angebote von Tulpenvliegroute sind freibleibend, es sei denn, das Angebot enth\u00e4lt eine Frist zur Annahme.<br>2. Wenn ein Angebot von Tulpenvliegroute ein unverbindliches Angebot enth\u00e4lt und dieses Angebot vom Kunden angenommen wird, hat Tulpenvliegroute das Recht, dieses Angebot innerhalb von 10 Werktagen nach Kenntnisnahme der Annahme durch den Kunden zu widerrufen.<\/p>\n\n\n\n<p><strong>Artikel 3 Preise<\/strong><\/p>\n\n\n\n<p>1. Soweit nicht ausdr\u00fccklich anders angegeben, verstehen sich die in den Angeboten genannten Preise ohne Mehrwertsteuer. Diese Preise gelten f\u00fcr die in der Auftragsbest\u00e4tigung genannte Leistung. Zus\u00e4tzliche oder besondere Leistungen werden gesondert berechnet.<br>2. Tulpenvliegroute hat das Recht, dem Auftraggeber preissteigernde Faktoren in Rechnung zu stellen, darunter Erh\u00f6hungen der Selbstkosten f\u00fcr Hubschrauberfl\u00fcge, Genehmigungen, Materialien, Arbeitskosten, Sozialabgaben und Transportkosten.<br>3. Ohne Genehmigung von Tulpenvliegroute ist es dem Auftraggeber nicht gestattet, Preise\/Tarife zu seinem eigenen Vorteil zu erh\u00f6hen.<\/p>\n\n\n\n<p><strong>Artikel 4 Durchf\u00fchrung der Vereinbarung<\/strong><\/p>\n\n\n\n<p>1. Die vereinbarten Termine und Leistungszeiten sind Sollzeiten, die f\u00fcr Tulpenvliegroute nicht verbindlich sind.<br>2. Tulpenvliegroute informiert den Auftraggeber so schnell wie m\u00f6glich, sp\u00e4testens jedoch innerhalb von zwei Wochen nach Erhalt des Auftrags durch den Auftraggeber, \u00fcber das voraussichtliche Datum der Ausf\u00fchrung des Vertrags. Wenn Tulpenvliegroute feststellt, dass die Ausf\u00fchrung des Vertrags nicht zum vereinbarten Zeitpunkt stattfinden kann, informiert Tulpenvliegroute den Auftraggeber so schnell wie m\u00f6glich, sp\u00e4testens jedoch innerhalb von zwei Wochen nach Erhalt des Auftrags des Auftraggebers, \u00fcber den voraussichtlichen Zeitpunkt der Ausf\u00fchrung des Vertrags.<br>3. Der Kunde hat das Recht, innerhalb von drei Arbeitstagen nach Erhalt der in 4.2 genannten Mitteilung \u00fcber den Zeitpunkt der Vertragsausf\u00fchrung den Vertrag durch eine per Einschreiben versandte schriftliche Erkl\u00e4rung aufzul\u00f6sen. In Ermangelung einer solchen Erkl\u00e4rung wird davon ausgegangen, dass der Kunde der versp\u00e4teten Lieferung zugestimmt hat, und der Kunde kann diesbez\u00fcglich weder eine Entsch\u00e4digung noch die Aufl\u00f6sung des Vertrages verlangen.<br>4. Tulpenvliegroute ist berechtigt, die Ausf\u00fchrung des Vertrags auszusetzen, solange der Auftraggeber seine Verpflichtungen gegen\u00fcber Tulpenvliegroute nicht erf\u00fcllt hat. Diese Aussetzung gilt, bis der Auftraggeber seine Verpflichtungen vollst\u00e4ndig erf\u00fcllt hat.<\/p>\n\n\n\n<p><strong>Artikel 5 H\u00f6here Gewalt<\/strong><\/p>\n\n\n\n<p>1. Unter h\u00f6herer Gewalt sind Umst\u00e4nde zu verstehen, die die Erf\u00fcllung der Verpflichtung verhindern und nicht von Tulpenvliegroute zu vertreten sind. Dazu geh\u00f6ren (wenn und soweit diese Umst\u00e4nde die Erf\u00fcllung unm\u00f6glich machen oder unzumutbar erschweren): flugtechnische Gr\u00fcnde einschlie\u00dflich bestimmter Witterungsbedingungen, beh\u00f6rdliche Widerst\u00e4nde, Betriebsst\u00f6rungen, Unterbrechungen der Energie- oder Materialversorgung, Telefonst\u00f6rungen, Transportverz\u00f6gerungen, Streiks und nicht fristgerechte Lieferungen von Lieferanten sowie Krankheit oder Tod einer f\u00fcr das Projekt wichtigen Person. Im Falle h\u00f6herer Gewalt ist Tulpenvliegroute jederzeit berechtigt, den Vertrag durch eine m\u00fcndliche Mitteilung, gefolgt von einer schriftlichen (per Einschreiben verschickten) Erkl\u00e4rung, aufzul\u00f6sen; in diesem Fall hat der Kunde keinen Anspruch auf irgendeine Form von Entsch\u00e4digung.<br>2. Im Falle von vor\u00fcbergehender h\u00f6herer Gewalt ist Tulpenvliegroute berechtigt, die Frist, innerhalb derer die Arbeiten ausgef\u00fchrt werden m\u00fcssen, um den Zeitraum des vor\u00fcbergehenden Leistungshindernisses zu verl\u00e4ngern. Der Auftraggeber kann im Falle vor\u00fcbergehender h\u00f6herer Gewalt die Aufl\u00f6sung des Vertrags verlangen, wenn ihm die Leistung infolge der Verz\u00f6gerung billigerweise nicht zugemutet werden kann, ohne dass er Anspruch auf irgendeine Form von Schadenersatz hat.<br>3. Der Auftraggeber kann nur innerhalb von drei Arbeitstagen, nachdem Tulpenvliegroute den Auftraggeber \u00fcber die Verz\u00f6gerung der Erf\u00fcllung informiert hat, die Aufl\u00f6sung des Vertrags verlangen.<\/p>\n\n\n\n<p><strong>Artikel 6 Zahlung<\/strong><\/p>\n\n\n\n<p>1. Sofern nichts anderes schriftlich vereinbart wurde, hat die Zahlung des gesamten Rechnungsbetrags sp\u00e4testens 3 Arbeitstage vor dem Ausf\u00fchrungstermin zu erfolgen, ohne dass der Auftraggeber Anspruch auf Schadenersatz hat. Zahlt der Auftraggeber nicht bis zum F\u00e4lligkeitsdatum, so befindet er sich von Rechts wegen in Verzug. Der Kunde schuldet ab dem Zeitpunkt des Verzugs Zinsen in H\u00f6he von 1% pro Monat auf den geschuldeten Betrag, wobei ein Teil eines Monats als ganzer Monat betrachtet wird. Der Auftraggeber schuldet Tulpenvliegroute au\u00dferdem eine Verg\u00fctung f\u00fcr die au\u00dfergerichtlichen Inkassokosten.<br>2. Die au\u00dfergerichtlichen Inkassokosten werden auf 15% des geschuldeten Betrags festgesetzt.<br>3. Bei \u00dcberschreitung einer Zahlungsfrist ist Tulpenvliegroute berechtigt, die Erf\u00fcllung aller ihrer Verpflichtungen aus dem Vertrag auszusetzen sowie den Vertrag nach Inverzugsetzung, aber ohne gerichtliche Intervention, durch eine per Einschreiben versandte schriftliche Erkl\u00e4rung f\u00fcr aufgel\u00f6st zu erkl\u00e4ren. Tulpenvliegroute macht von diesen Rechten auch Gebrauch, wenn der Auftraggeber f\u00fcr insolvent erkl\u00e4rt wird, wenn dem Auftraggeber ein Zahlungsaufschub gew\u00e4hrt wird oder wenn das Unternehmen des Auftraggebers aufgel\u00f6st oder liquidiert wird.<\/p>\n\n\n\n<p><strong>Artikel 7 Stornierung durch den Kunden<\/strong><\/p>\n\n\n\n<p>1. Wenn der Kunde einen mit Tulpenvliegroute geschlossenen Vertrag aus irgendeinem Grund k\u00fcndigen m\u00f6chte, ist er verpflichtet, Tulpenvliegroute eine Entsch\u00e4digung zu zahlen, die auf den in der Auftragsbest\u00e4tigung angegebenen Preis gem\u00e4\u00df der nachstehenden Tabelle berechnet wird:<br>o 25% f\u00fcr die Stornierung in der Zeit bis zu 6 Wochen vor dem Datum der Ausf\u00fchrung der Vereinbarung;<br>o 35% f\u00fcr die Stornierung in der Zeit von 6 bis 4 Wochen vor dem Datum der Ausf\u00fchrung des Vertrags;<br>o 45% f\u00fcr die Stornierung in der Zeit von 4 bis 2 Wochen vor dem Datum der Ausf\u00fchrung des Vertrags;<br>o 55% f\u00fcr die Stornierung in der Zeit von 2 bis 1 Woche vor dem Datum der Ausf\u00fchrung des Vertrages;<br>o 75% f\u00fcr die Stornierung in der Zeit von 5 bis 3 Tagen vor dem Datum der Ausf\u00fchrung des Vertrags;<br>o 85% f\u00fcr die Stornierung in der Zeit von 3 Tagen bis 1 Tag vor dem Datum der Ausf\u00fchrung des Vertrags;<br>o 95% im Falle einer Stornierung innerhalb der Frist von 1 Tag vor dem Datum der Ausf\u00fchrung des Vertrags;<br>o 100% im Falle einer Stornierung am Tag der Ausf\u00fchrung des Vertrags.<br>2. Der Tag, an dem eine schriftliche Mitteilung des Auftraggebers bei Tulpenvliegroute eingegangen ist, in der der Auftraggeber Tulpenvliegroute von seiner Absicht, den Vertrag zu k\u00fcndigen, in Kenntnis setzt, gilt als Grundlage f\u00fcr die Berechnung der Verg\u00fctung.<br>3. Wenn der Schaden, den Tulpenvliegroute infolge der Vertragsaufl\u00f6sung erleidet, den in Absatz 1 berechneten Schaden \u00fcbersteigt, ist der Auftraggeber verpflichtet, Tulpenvliegroute den tats\u00e4chlich erlittenen Schaden zu zahlen. Unter dem tats\u00e4chlich erlittenen Schaden sind die Stornierungskosten zu verstehen, die Tulpenvliegroute Dritten schuldet, die von Tulpenvliegroute eingeschaltet wurden.<\/p>\n\n\n\n<p><strong>Artikel 8 Haftung<\/strong><\/p>\n\n\n\n<p>1. Tulpenvliegroute haftet nicht f\u00fcr Sch\u00e4den, die durch oder w\u00e4hrend der Ausf\u00fchrung von Dienstleistungen und\/oder Arbeiten an Personen oder Sachen verursacht werden, es sei denn, dass diese Sch\u00e4den auf Vorsatz oder grobe Fahrl\u00e4ssigkeit von Tulpenvliegroute zur\u00fcckzuf\u00fchren sind. Wenn Tulpenvliegroute von Dritten f\u00fcr Sch\u00e4den haftbar gemacht wird, die vor, w\u00e4hrend und nach der Ausf\u00fchrung von Dienstleistungen und\/oder Arbeiten entstanden sind, h\u00e4lt der Auftraggeber Tulpenvliegroute schadlos.<br>2. Tulpenvliegroute haftet nicht f\u00fcr Sch\u00e4den, die durch oder w\u00e4hrend der Ausf\u00fchrung von Dienstleistungen und\/oder Arbeiten infolge der Nichteinhaltung von Ma\u00dfnahmen zur Gew\u00e4hrleistung der \u00f6ffentlichen Ordnung und Sicherheit durch den Auftraggeber oder Dritte entstehen.<br>3. Im Falle einer Haftung von Tulpenvliegroute ist die Haftung von Tulpenvliegroute auf die H\u00f6he der von Tulpenvliegroute abgeschlossenen Haftpflichtversicherung beschr\u00e4nkt.<br>4. Die Haftung von Tulpenvliegroute ist auf den in diesem Artikel geregelten Umfang beschr\u00e4nkt. Der Kunde stellt Tulpenvliegroute von allen Anspr\u00fcchen Dritter frei.<\/p>\n\n\n\n<p><strong>Artikel 9 Beilegung von Streitigkeiten<\/strong><\/p>\n\n\n\n<p>1. Jede Streitigkeit zwischen Tulpenvliegroute und dem Auftraggeber wird, falls das Bezirksgericht zust\u00e4ndig ist, vom Bezirksgericht in Den Haag entschieden. Tulpenvliegroute bleibt jedoch berechtigt, den Kunden vor das nach dem Gesetz oder einem anwendbaren internationalen Vertrag zust\u00e4ndige Gericht zu laden.<br>2. Der Kunde hat das Recht, sich innerhalb eines Monats, nachdem Tulpenvliegroute sich schriftlich auf diese Bestimmung berufen hat, f\u00fcr die Beilegung der Streitigkeit durch das nach dem Gesetz oder einem anwendbaren internationalen Vertrag zust\u00e4ndige Zivilgericht zu entscheiden.<\/p>\n\n\n\n<p><strong>Artikel 10 Anwendbares Recht<\/strong><\/p>\n\n\n\n<p>Auf jeden Vertrag zwischen Tulpenvliegroute und dem Auftraggeber sowie auf alle Streitigkeiten zwischen Tulpenvliegroute und dem Auftraggeber, die sich aus der Ausf\u00fchrung dieses Vertrages ergeben oder damit zusammenh\u00e4ngen, findet das niederl\u00e4ndische Recht Anwendung.<\/p>\n\n\n\n<p>Alle Rechte vorbehalten:<\/p>\n\n\n\n<p>Die Tulpenfluglinie ist Teil der VeFo<\/p>\n\n\n\n<p>Doktor W. Nijestraat 50<br>2064XD Spaarndam<\/p>\n\n\n\n<p><strong><a href=\"mailto:info@tulpenvliegroute.nl\">info@tulpenvliegroute.nl<\/a><\/strong><br>+31(0)630870613<\/p>\n\n\n\n<p>Nummer der Handelskammer 63394596<br>Umsatzsteuer-Identifikationsnummer NL161234203B01<\/p>","protected":false},"excerpt":{"rendered":"<p>Artikel 1 Definities en Toepasselijkheid 1. In deze Algemene Voorwaarden wordt verstaan onder: 2. Deze Voorwaarden maken deel uit van alle aanbiedingen en overeenkomsten van Tulpenvliegroute en opdrachtgever met betrekking tot het verrichten van diensten en\/of werkzaamheden.3. Aanvullende en\/of afwijkende voorwaarden van Opdrachtgever of derden binden Tulpenvliegroute niet, tenzij deze uitdrukkelijk schriftelijk door Tulpenvliegroute zijn [&hellip;]<\/p>\n","protected":false},"author":1,"featured_media":0,"parent":0,"menu_order":0,"comment_status":"closed","ping_status":"closed","template":"","meta":{"_et_pb_use_builder":"off","_et_pb_old_content":"","_et_gb_content_width":"1080","footnotes":""},"dipi_cpt_category":[],"class_list":["post-124","page","type-page","status-publish","hentry"],"_links":{"self":[{"href":"https:\/\/tulpenvliegroute.nl\/de\/wp-json\/wp\/v2\/pages\/124","targetHints":{"allow":["GET"]}}],"collection":[{"href":"https:\/\/tulpenvliegroute.nl\/de\/wp-json\/wp\/v2\/pages"}],"about":[{"href":"https:\/\/tulpenvliegroute.nl\/de\/wp-json\/wp\/v2\/types\/page"}],"author":[{"embeddable":true,"href":"https:\/\/tulpenvliegroute.nl\/de\/wp-json\/wp\/v2\/users\/1"}],"replies":[{"embeddable":true,"href":"https:\/\/tulpenvliegroute.nl\/de\/wp-json\/wp\/v2\/comments?post=124"}],"version-history":[{"count":3,"href":"https:\/\/tulpenvliegroute.nl\/de\/wp-json\/wp\/v2\/pages\/124\/revisions"}],"predecessor-version":[{"id":144,"href":"https:\/\/tulpenvliegroute.nl\/de\/wp-json\/wp\/v2\/pages\/124\/revisions\/144"}],"wp:attachment":[{"href":"https:\/\/tulpenvliegroute.nl\/de\/wp-json\/wp\/v2\/media?parent=124"}],"wp:term":[{"taxonomy":"dipi_cpt_category","embeddable":true,"href":"https:\/\/tulpenvliegroute.nl\/de\/wp-json\/wp\/v2\/dipi_cpt_category?post=124"}],"curies":[{"name":"wp","href":"https:\/\/api.w.org\/{rel}","templated":true}]}}